{"id":131,"date":"2015-02-04T06:53:41","date_gmt":"2015-02-04T06:53:41","guid":{"rendered":"http:\/\/mertz-metallbau.de\/wordpress\/?page_id=131"},"modified":"2020-02-14T17:09:34","modified_gmt":"2020-02-14T16:09:34","slug":"absetz-roll-kippbehaelter","status":"publish","type":"page","link":"http:\/\/mertz-metallbau.de\/wordpress\/?page_id=131","title":{"rendered":"Absetz-\/Roll-\/Kippbeh\u00e4lter"},"content":{"rendered":"<p align=\"center\"><span style=\"font-family: Georgia, 'Times New Roman', Times, serif;\">Seit Februar 2013 bietet unser Unternehmen zus\u00e4tzlich zu der Instandsetzung auch die j\u00e4hrliche Sicherheits\u00fcberpr\u00fcfung durch geschultes, bef\u00e4higtes Personal f\u00fcr austauschbare Kipp- und Absetzbeh\u00e4lter ihrer Beh\u00e4ltnisse welche unter der <strong>BGR186 (u.a. DIN 30720) <\/strong>laufen. Darunter z\u00e4hlen unter anderem:<\/span><\/p>\n<p align=\"center\"><span style=\"font-family: Georgia, 'Times New Roman', Times, serif;\"><strong>&#8211; Absetzbeh\u00e4lter<\/strong><\/span><\/p>\n<p align=\"center\"><span style=\"font-family: Georgia, 'Times New Roman', Times, serif;\"><strong>&#8211; Kippbeh\u00e4lter<\/strong><\/span><\/p>\n<p align=\"center\"><span style=\"font-family: Georgia, 'Times New Roman', Times, serif;\"><strong>&#8211; Rollbeh\u00e4lter<\/strong><\/span><\/p>\n<p align=\"center\"><span style=\"font-family: Georgia, 'Times New Roman', Times, serif;\">&#8211; und noch diverse andere<\/span><\/p>\n<p align=\"center\"><span style=\"font-family: Georgia, 'Times New Roman', Times, serif;\">Ausgenommen davon sind hydraulische Beh\u00e4ltnisse (bspw. Papier-\/M\u00fcll-Pressen). Setzen sie sich mit uns in Verbindung.<\/span><\/p>\n<p align=\"center\"><span style=\"font-family: Georgia, 'Times New Roman', Times, serif;\">Vorraussetzungen sind hierf\u00fcr:<\/span><\/p>\n<p align=\"center\"><span style=\"font-family: Georgia, 'Times New Roman', Times, serif;\"><strong>&#8211; Typenschilder (Hersteller oder Lieferer, Baujahr, Typenbezeichnung, Fassungsverm\u00f6gen, Leergewicht in kg, zul. Belastung in kg.)<\/strong><\/span><\/p>\n<p align=\"center\"><span style=\"font-family: Georgia, 'Times New Roman', Times, serif;\"><strong>&#8211; ggf. CE-Kennzeichnung<\/strong><\/span><\/p>\n<p align=\"center\"><span style=\"font-family: Georgia, 'Times New Roman', Times, serif;\"><strong>&#8211; Pr\u00fcfbuch (welches wir aber auch f\u00fcr sie erstellen k\u00f6nnen)<\/strong><\/span><\/p>\n<p align=\"center\"><span style=\"font-family: Georgia, 'Times New Roman', Times, serif;\">F\u00fcr ihre Fragen stehen wir Ihnen telefonisch gerne unter 039406\/92710 zu Verf\u00fcgung.<\/span><\/p>\n","protected":false},"excerpt":{"rendered":"<p>Seit Februar 2013 bietet unser Unternehmen zus\u00e4tzlich zu der Instandsetzung auch die j\u00e4hrliche Sicherheits\u00fcberpr\u00fcfung durch geschultes, bef\u00e4higtes Personal f\u00fcr austauschbare Kipp- und Absetzbeh\u00e4lter ihrer Beh\u00e4ltnisse welche unter der BGR186 (u.a. DIN 30720) laufen. Darunter z\u00e4hlen unter anderem: &#8211; Absetzbeh\u00e4lter &#8211; Kippbeh\u00e4lter &#8211; Rollbeh\u00e4lter &#8211; und noch diverse andere Ausgenommen davon &#8230;<\/p>\n","protected":false},"author":1,"featured_media":0,"parent":125,"menu_order":2,"comment_status":"closed","ping_status":"closed","template":"","meta":[],"_links":{"self":[{"href":"http:\/\/mertz-metallbau.de\/wordpress\/index.php?rest_route=\/wp\/v2\/pages\/131"}],"collection":[{"href":"http:\/\/mertz-metallbau.de\/wordpress\/index.php?rest_route=\/wp\/v2\/pages"}],"about":[{"href":"http:\/\/mertz-metallbau.de\/wordpress\/index.php?rest_route=\/wp\/v2\/types\/page"}],"author":[{"embeddable":true,"href":"http:\/\/mertz-metallbau.de\/wordpress\/index.php?rest_route=\/wp\/v2\/users\/1"}],"replies":[{"embeddable":true,"href":"http:\/\/mertz-metallbau.de\/wordpress\/index.php?rest_route=%2Fwp%2Fv2%2Fcomments&post=131"}],"version-history":[{"count":3,"href":"http:\/\/mertz-metallbau.de\/wordpress\/index.php?rest_route=\/wp\/v2\/pages\/131\/revisions"}],"predecessor-version":[{"id":834,"href":"http:\/\/mertz-metallbau.de\/wordpress\/index.php?rest_route=\/wp\/v2\/pages\/131\/revisions\/834"}],"up":[{"embeddable":true,"href":"http:\/\/mertz-metallbau.de\/wordpress\/index.php?rest_route=\/wp\/v2\/pages\/125"}],"wp:attachment":[{"href":"http:\/\/mertz-metallbau.de\/wordpress\/index.php?rest_route=%2Fwp%2Fv2%2Fmedia&parent=131"}],"curies":[{"name":"wp","href":"https:\/\/api.w.org\/{rel}","templated":true}]}}