{"id":134,"date":"2015-02-04T06:54:46","date_gmt":"2015-02-04T06:54:46","guid":{"rendered":"http:\/\/mertz-metallbau.de\/wordpress\/?page_id=134"},"modified":"2015-02-04T12:26:13","modified_gmt":"2015-02-04T12:26:13","slug":"steigleitern","status":"publish","type":"page","link":"http:\/\/mertz-metallbau.de\/wordpress\/?page_id=134","title":{"rendered":"Steigleitern"},"content":{"rendered":"<p align=\"center\"><span style=\"font-family: Georgia, 'Times New Roman', Times, serif;\"><strong><span style=\"color: #ffffff; font-size: large;\">Steigleitern<\/span><\/strong><\/span>Steigleitern in jeglicher Form &#8211; ob ortsfest oder mobil &#8211; haben gerade in den letzten Jahren immer mehr Verordnungen und Normen bekommen &#8211; viele Altbest\u00e4nde in \u00f6ffentlichen Geb\u00e4uden und auf Firmengel\u00e4nden erf\u00fcllen diese Normen nicht (!). Wir machen gerne f\u00fcr Sie eine Sicherheits\u00fcberpr\u00fcfung ihrer Leitern um pr\u00e4ventiv Unf\u00e4lle zu vermeiden, da das Arbeiten in gro\u00dfer H\u00f6he einen optimalen Schutz ben\u00f6tigt und wir sie nat\u00fcrlich gerne f\u00fcr die Erreichung dieses Ziels beraten.<\/p>\n<p align=\"center\"><span style=\"font-family: Georgia, 'Times New Roman', Times, serif;\">Zudem dokumentieren wir f\u00fcr Sie anhand von sogenannten Pr\u00fcfprotokollen die Leitern, damit sie auch bei BG-Besichtigungen etwas in der Hand haben um ihre Einrichtung\/ihre Firma vor Abmahnungen sch\u00fctzen zu k\u00f6nnen. Unser Patrnerunternehmen &#8222;Mertz &#8211; Metallbau &amp; Metallgestaltung&#8220; \u00fcbernimmt zudem die Reperaturen an Steigleitern und hat u.a. f\u00fcr E.ON Kraftwerke und E.ON Energy from Waste alle Steigleitern im Kraftwerk Buschhaus (Sch\u00f6ningen) die Sicherheits\u00fcberpr\u00fcfungen nach<\/span><\/p>\n<p align=\"center\"><span style=\"font-family: Georgia, 'Times New Roman', Times, serif;\"><strong>DIN EN ISO 14122-4-2010-12<\/strong><\/span><\/p>\n<p align=\"center\"><span style=\"font-family: Georgia, 'Times New Roman', Times, serif;\">und<\/span><\/p>\n<p align=\"center\"><span style=\"font-family: Georgia, 'Times New Roman', Times, serif;\"><strong>EN ISO14122-2.2004 + A1;2010 (D)<\/strong><\/span><\/p>\n<p align=\"center\"><span style=\"font-family: Georgia, 'Times New Roman', Times, serif;\">durch geschultes Fachpersonal durchgef\u00fchrt und zus\u00e4tzlich instangdesetzt.<\/span><\/p>\n","protected":false},"excerpt":{"rendered":"<p>SteigleiternSteigleitern in jeglicher Form &#8211; ob ortsfest oder mobil &#8211; haben gerade in den letzten Jahren immer mehr Verordnungen und Normen bekommen &#8211; viele Altbest\u00e4nde in \u00f6ffentlichen Geb\u00e4uden und auf Firmengel\u00e4nden erf\u00fcllen diese Normen nicht (!). Wir machen gerne f\u00fcr Sie eine Sicherheits\u00fcberpr\u00fcfung ihrer Leitern um pr\u00e4ventiv Unf\u00e4lle zu vermeiden, &#8230;<\/p>\n","protected":false},"author":1,"featured_media":0,"parent":125,"menu_order":3,"comment_status":"closed","ping_status":"closed","template":"","meta":[],"_links":{"self":[{"href":"http:\/\/mertz-metallbau.de\/wordpress\/index.php?rest_route=\/wp\/v2\/pages\/134"}],"collection":[{"href":"http:\/\/mertz-metallbau.de\/wordpress\/index.php?rest_route=\/wp\/v2\/pages"}],"about":[{"href":"http:\/\/mertz-metallbau.de\/wordpress\/index.php?rest_route=\/wp\/v2\/types\/page"}],"author":[{"embeddable":true,"href":"http:\/\/mertz-metallbau.de\/wordpress\/index.php?rest_route=\/wp\/v2\/users\/1"}],"replies":[{"embeddable":true,"href":"http:\/\/mertz-metallbau.de\/wordpress\/index.php?rest_route=%2Fwp%2Fv2%2Fcomments&post=134"}],"version-history":[{"count":1,"href":"http:\/\/mertz-metallbau.de\/wordpress\/index.php?rest_route=\/wp\/v2\/pages\/134\/revisions"}],"predecessor-version":[{"id":135,"href":"http:\/\/mertz-metallbau.de\/wordpress\/index.php?rest_route=\/wp\/v2\/pages\/134\/revisions\/135"}],"up":[{"embeddable":true,"href":"http:\/\/mertz-metallbau.de\/wordpress\/index.php?rest_route=\/wp\/v2\/pages\/125"}],"wp:attachment":[{"href":"http:\/\/mertz-metallbau.de\/wordpress\/index.php?rest_route=%2Fwp%2Fv2%2Fmedia&parent=134"}],"curies":[{"name":"wp","href":"https:\/\/api.w.org\/{rel}","templated":true}]}}