{"id":143,"date":"2015-02-04T13:19:40","date_gmt":"2015-02-04T13:19:40","guid":{"rendered":"http:\/\/mertz-metallbau.de\/wordpress\/?page_id=143"},"modified":"2015-03-16T14:21:05","modified_gmt":"2015-03-16T14:21:05","slug":"brandschutz-fh-tueren","status":"publish","type":"page","link":"http:\/\/mertz-metallbau.de\/wordpress\/?page_id=143","title":{"rendered":"Brandschutz-\/FH-T\u00fcren"},"content":{"rendered":"<p>Seit kurzer Zeit widmen wir uns intensiv der Sicherheits\u00fcberpr\u00fcfung von Brandschutz- und FH-T\u00fcren, die in jedem Unternehmen von gro\u00dfer Wichtigkeit sind.<\/p>\n<p>Viel zu viele Unternehmen nehmen dieses Thema noch auf die leichte Schulter, ber\u00fccksichtigen hierbei aber leider nicht, dass auch Menschenleben hierbei auf dem Spiel stehen.<\/p>\n<p>Immer mehr Schulen und Industriefirmen lassen j\u00e4hrlich ihre T\u00fcren \u00fcberpr\u00fcfen und das k\u00f6nnen wir auch f\u00fcr Sie erledigen!<\/p>\n<p>Hierf\u00fcr stellen wir Ihnen geschultes Personal zur Verf\u00fcgung:<\/p>\n<p>&#8211; Bef\u00e4higte Personen zur Pr\u00fcfung von kraftbet\u00e4tigten Fenstern, <strong>T\u00fcren<\/strong> und Toren<\/p>\n<p>&#8211; Fachkr\u00e4fte f\u00fcr Feststellanlagen gem\u00e4\u00df DIN 14677<\/p>\n<p>Gerne sind wir Ihnen auch behilflich bei einer Bestandsaufnahme vorweg.<\/p>\n<p><span style=\"color: #ff0000;\"><strong>Anmerkung: Unser Unternehmen bietet <span style=\"text-decoration: underline;\">keinen<\/span> Not-Schl\u00fcsseldienst\/Not-T\u00fcr\u00f6ffnungs-Dienst an (!)<\/strong><\/span><\/p>\n","protected":false},"excerpt":{"rendered":"<p>Seit kurzer Zeit widmen wir uns intensiv der Sicherheits\u00fcberpr\u00fcfung von Brandschutz- und FH-T\u00fcren, die in jedem Unternehmen von gro\u00dfer Wichtigkeit sind. Viel zu viele Unternehmen nehmen dieses Thema noch auf die leichte Schulter, ber\u00fccksichtigen hierbei aber leider nicht, dass auch Menschenleben hierbei auf dem Spiel stehen. Immer mehr Schulen und &#8230;<\/p>\n","protected":false},"author":1,"featured_media":0,"parent":125,"menu_order":5,"comment_status":"closed","ping_status":"closed","template":"","meta":[],"_links":{"self":[{"href":"http:\/\/mertz-metallbau.de\/wordpress\/index.php?rest_route=\/wp\/v2\/pages\/143"}],"collection":[{"href":"http:\/\/mertz-metallbau.de\/wordpress\/index.php?rest_route=\/wp\/v2\/pages"}],"about":[{"href":"http:\/\/mertz-metallbau.de\/wordpress\/index.php?rest_route=\/wp\/v2\/types\/page"}],"author":[{"embeddable":true,"href":"http:\/\/mertz-metallbau.de\/wordpress\/index.php?rest_route=\/wp\/v2\/users\/1"}],"replies":[{"embeddable":true,"href":"http:\/\/mertz-metallbau.de\/wordpress\/index.php?rest_route=%2Fwp%2Fv2%2Fcomments&post=143"}],"version-history":[{"count":4,"href":"http:\/\/mertz-metallbau.de\/wordpress\/index.php?rest_route=\/wp\/v2\/pages\/143\/revisions"}],"predecessor-version":[{"id":367,"href":"http:\/\/mertz-metallbau.de\/wordpress\/index.php?rest_route=\/wp\/v2\/pages\/143\/revisions\/367"}],"up":[{"embeddable":true,"href":"http:\/\/mertz-metallbau.de\/wordpress\/index.php?rest_route=\/wp\/v2\/pages\/125"}],"wp:attachment":[{"href":"http:\/\/mertz-metallbau.de\/wordpress\/index.php?rest_route=%2Fwp%2Fv2%2Fmedia&parent=143"}],"curies":[{"name":"wp","href":"https:\/\/api.w.org\/{rel}","templated":true}]}}