{"id":2,"date":"2015-02-03T10:12:01","date_gmt":"2015-02-03T10:12:01","guid":{"rendered":"http:\/\/mertz-metallbau.de\/wordpress\/?page_id=2"},"modified":"2026-03-30T13:07:28","modified_gmt":"2026-03-30T11:07:28","slug":"beispiel-seite","status":"publish","type":"page","link":"http:\/\/mertz-metallbau.de\/wordpress\/","title":{"rendered":"Startseite"},"content":{"rendered":"<div align=\"center\">\n<h3><\/h3>\n<h6><strong><em><span style=\"font-family: Verdana, Arial, Helvetica, sans-serif; font-size: small;\">Seit \u00fcber 25 Jahren Mertz-Metallbau seit 15.8.1998<\/span><\/em><\/strong><\/h6>\n<p>Hier finden Sie uns<\/p>\n<p><img loading=\"lazy\" class=\"aligncenter  wp-image-1062\" src=\"http:\/\/mertz-metallbau.de\/wordpress\/wp-content\/uploads\/Ansicht-Gebaeude.jpg\" alt=\"\" width=\"505\" height=\"270\" srcset=\"http:\/\/mertz-metallbau.de\/wordpress\/wp-content\/uploads\/Ansicht-Gebaeude.jpg 726w, http:\/\/mertz-metallbau.de\/wordpress\/wp-content\/uploads\/Ansicht-Gebaeude-150x80.jpg 150w, http:\/\/mertz-metallbau.de\/wordpress\/wp-content\/uploads\/Ansicht-Gebaeude-700x374.jpg 700w, http:\/\/mertz-metallbau.de\/wordpress\/wp-content\/uploads\/Ansicht-Gebaeude-332x177.jpg 332w\" sizes=\"(max-width: 505px) 100vw, 505px\" \/><\/p>\n<p>Am Kraftwerk 7\u00a0 in Harbke<\/p>\n<p>Wir sind\u00a0 am besten \u00fcber die Handynummer\u00a0 0177-4780929 erreichbar<\/p>\n<p>oder\u00a0 \u00a0 \u00a0 \u00a0 \u00a0 \u00a0 \u00a0 herbert-mertz@gmx.de<\/p>\n<\/div>\n<div align=\"center\">\n<h3><img loading=\"lazy\" class=\"aligncenter  wp-image-911\" src=\"http:\/\/mertz-metallbau.de\/wordpress\/wp-content\/uploads\/DSCF1063-scaled.jpg\" alt=\"\" width=\"548\" height=\"411\" srcset=\"http:\/\/mertz-metallbau.de\/wordpress\/wp-content\/uploads\/DSCF1063-scaled.jpg 2560w, http:\/\/mertz-metallbau.de\/wordpress\/wp-content\/uploads\/DSCF1063-150x113.jpg 150w, http:\/\/mertz-metallbau.de\/wordpress\/wp-content\/uploads\/DSCF1063-768x576.jpg 768w, http:\/\/mertz-metallbau.de\/wordpress\/wp-content\/uploads\/DSCF1063-1536x1152.jpg 1536w, http:\/\/mertz-metallbau.de\/wordpress\/wp-content\/uploads\/DSCF1063-2048x1536.jpg 2048w, http:\/\/mertz-metallbau.de\/wordpress\/wp-content\/uploads\/DSCF1063-700x525.jpg 700w, http:\/\/mertz-metallbau.de\/wordpress\/wp-content\/uploads\/DSCF1063-332x249.jpg 332w\" sizes=\"(max-width: 548px) 100vw, 548px\" \/><\/h3>\n<h4>Wir w\u00fcnschen wundersch\u00f6ne Ostertage<\/h4>\n<p><img loading=\"lazy\" class=\"aligncenter  wp-image-488\" src=\"http:\/\/mertz-metallbau.de\/wordpress\/wp-content\/uploads\/Unbenannt-2.jpg\" alt=\"\" width=\"384\" height=\"267\" srcset=\"http:\/\/mertz-metallbau.de\/wordpress\/wp-content\/uploads\/Unbenannt-2.jpg 556w, http:\/\/mertz-metallbau.de\/wordpress\/wp-content\/uploads\/Unbenannt-2-150x104.jpg 150w, http:\/\/mertz-metallbau.de\/wordpress\/wp-content\/uploads\/Unbenannt-2-332x231.jpg 332w\" sizes=\"(max-width: 384px) 100vw, 384px\" \/><\/p>\n<p>Individuelle Fenstergitter<\/p>\n<\/div>\n<div align=\"center\"><img loading=\"lazy\" class=\"aligncenter  wp-image-380\" src=\"http:\/\/mertz-metallbau.de\/wordpress\/wp-content\/uploads\/DSC_0140.jpg\" alt=\"\" width=\"442\" height=\"296\" srcset=\"http:\/\/mertz-metallbau.de\/wordpress\/wp-content\/uploads\/DSC_0140.jpg 1936w, http:\/\/mertz-metallbau.de\/wordpress\/wp-content\/uploads\/DSC_0140-150x100.jpg 150w, http:\/\/mertz-metallbau.de\/wordpress\/wp-content\/uploads\/DSC_0140-700x469.jpg 700w, http:\/\/mertz-metallbau.de\/wordpress\/wp-content\/uploads\/DSC_0140-332x222.jpg 332w\" sizes=\"(max-width: 442px) 100vw, 442px\" \/><\/div>\n<div align=\"center\"><\/div>\n<div align=\"center\">Neue Bewohner f\u00fcr den Garten<\/div>\n<div align=\"center\">Alles Einzelst\u00fccke<\/div>\n<div align=\"center\"><\/div>\n<div align=\"center\"><\/div>\n<div style=\"text-align: center;\" align=\"center\"><strong style=\"font-size: inherit;\"><span style=\"font-family: Verdana, Arial, Helvetica, sans-serif; font-size: small;\">Am Kraftwerk 7<\/span><\/strong><\/div>\n<div style=\"text-align: center;\" align=\"center\"><strong><span style=\"font-family: Verdana, Arial, Helvetica, sans-serif; font-size: small;\">39365 Harbke<\/span><\/strong><\/div>\n<div style=\"text-align: center;\" align=\"center\"><strong><span style=\"font-family: Verdana, Arial, Helvetica, sans-serif; font-size: small;\">Telefon: 039406\/92710<\/span><\/strong><\/div>\n<p style=\"text-align: center;\" align=\"center\"><strong><span style=\"font-family: Verdana, Arial, Helvetica, sans-serif; font-size: small;\">mobil: 0177-4780929<\/span><\/strong><\/p>\n<p style=\"text-align: center;\">\u00a0 \u00a0 \u00a0 \u00a0 \u00a0 \u00a0 \u00a0 \u00a0 \u00a0 \u00a0 \u00a0 \u00a0 \u00a0 \u00a0 \u00a0 \u00a0 \u00a0 \u00a0 \u00a0 \u00a0 \u00a0 \u00a0 \u00a0 \u00a0 \u00a0 \u00a0 \u00a0 \u00a0 \u00a0 <strong>E-Mail: <a href=\"mailto:herbert-mertz@gmx.de\">herbert-mertz@gmx.de<\/a><\/strong><\/p>\n<p>Schmiedelehrg\u00e4nge nach Terminvereinbarung.<\/p>\n","protected":false},"excerpt":{"rendered":"<p>Seit \u00fcber 25 Jahren Mertz-Metallbau seit 15.8.1998 Hier finden Sie uns Am Kraftwerk 7\u00a0 in Harbke Wir sind\u00a0 am besten \u00fcber die Handynummer\u00a0 0177-4780929 erreichbar oder\u00a0 \u00a0 \u00a0 \u00a0 \u00a0 \u00a0 \u00a0 herbert-mertz@gmx.de Wir w\u00fcnschen wundersch\u00f6ne Ostertage Individuelle Fenstergitter Neue Bewohner f\u00fcr den Garten Alles Einzelst\u00fccke Am Kraftwerk 7 39365 &#8230;<\/p>\n","protected":false},"author":1,"featured_media":0,"parent":0,"menu_order":1,"comment_status":"open","ping_status":"closed","template":"","meta":[],"_links":{"self":[{"href":"http:\/\/mertz-metallbau.de\/wordpress\/index.php?rest_route=\/wp\/v2\/pages\/2"}],"collection":[{"href":"http:\/\/mertz-metallbau.de\/wordpress\/index.php?rest_route=\/wp\/v2\/pages"}],"about":[{"href":"http:\/\/mertz-metallbau.de\/wordpress\/index.php?rest_route=\/wp\/v2\/types\/page"}],"author":[{"embeddable":true,"href":"http:\/\/mertz-metallbau.de\/wordpress\/index.php?rest_route=\/wp\/v2\/users\/1"}],"replies":[{"embeddable":true,"href":"http:\/\/mertz-metallbau.de\/wordpress\/index.php?rest_route=%2Fwp%2Fv2%2Fcomments&post=2"}],"version-history":[{"count":223,"href":"http:\/\/mertz-metallbau.de\/wordpress\/index.php?rest_route=\/wp\/v2\/pages\/2\/revisions"}],"predecessor-version":[{"id":1071,"href":"http:\/\/mertz-metallbau.de\/wordpress\/index.php?rest_route=\/wp\/v2\/pages\/2\/revisions\/1071"}],"wp:attachment":[{"href":"http:\/\/mertz-metallbau.de\/wordpress\/index.php?rest_route=%2Fwp%2Fv2%2Fmedia&parent=2"}],"curies":[{"name":"wp","href":"https:\/\/api.w.org\/{rel}","templated":true}]}}