{"id":36,"date":"2015-02-03T11:10:37","date_gmt":"2015-02-03T11:10:37","guid":{"rendered":"http:\/\/mertz-metallbau.de\/wordpress\/?page_id=36"},"modified":"2018-12-08T10:08:20","modified_gmt":"2018-12-08T09:08:20","slug":"brandschutz","status":"publish","type":"page","link":"http:\/\/mertz-metallbau.de\/wordpress\/?page_id=36","title":{"rendered":"\u00dcberpr\u00fcfungen von Brandschutz- und Fluchtwegst\u00fcren nach Landesbauverordnung"},"content":{"rendered":"<p align=\"left\"><span style=\"font-size: medium;\">Die Aufgabe von T\u00fcren und Toren mit Feuer- und\/oder Rauchschutzeigenschaften besteht darin,\u00a0 angemessenen Schutz f\u00fcr \u00d6ffnungen in feuerwiderstandsf\u00e4higen W\u00e4nden oder Trennw\u00e4nden zu bieten, die als Durchgang f\u00fcr Personen und G\u00fctern oder als Durchfahrt f\u00fcr Fahrzeuge dienen.<\/span><\/p>\n<p align=\"left\">Diese k\u00f6nnen ihre vorgesehene Feuer &#8211; und\/oder Rauchschutzfunktion nur in geschlossener Stellung erreichen.<\/p>\n<p align=\"left\"><strong>Um sicherzustellen, dass diese Eigenschaften best\u00e4ndig aufrechterhalten werden, ist es erforderlich, routinem\u00e4\u00dfig Inspektionen und Wartungsarbeiten durchzuf\u00fchren!<\/strong><\/p>\n<p align=\"left\"><span style=\"color: #ff6600;\"><strong><span style=\"color: #ff6600;\">Die Musterbauverordung und die jeweilige Landesbauverordnung schreiben eine j\u00e4hrliche<\/span> <span style=\"color: #ff6600;\">Wartung ( \u00dcberpr\u00fcfung der Funktionsf\u00e4hig ) vor.<\/span><\/strong><\/span><\/p>\n<p align=\"left\"><span style=\"color: #ff0000;\">Wir f\u00fchren diese Wartungen f\u00fcr Sie durch incl. Erstellung eine Protokolles.<\/span><\/p>\n<p align=\"left\"><strong>Herbert Mertz ist gepr\u00fcfte Fachkraft Feststellanlagen gem\u00e4\u00df DIN 14677\u00a0 \u00a0 \u00a0 \u00a0 \u00a0 \u00a0 \u00a0 \u00a0 \u00a0 \u00a0 \u00a0 \u00a0 \u00a0 \u00a0 \u00a0 \u00a0 \u00a0 \u00a0 \u00a0 \u00a0 \u00a0 \u00a0 \u00a0 \u00a0 \u00a0 \u00a0 \u00a0 \u00a0 \u00a0 \u00a0 \u00a0 \u00a0 \u00a0 \u00a0 \u00a0 \u00a0 \u00a0 \u00a0 \u00a0 \u00a0 \u00a0 \u00a0und\u00a0 \u00a0 \u00a0 \u00a0 \u00a0 \u00a0 \u00a0 \u00a0 \u00a0 \u00a0 \u00a0 \u00a0 \u00a0 \u00a0 \u00a0 \u00a0 \u00a0 \u00a0 \u00a0 \u00a0 \u00a0 \u00a0 \u00a0 \u00a0 \u00a0 \u00a0 \u00a0 \u00a0 \u00a0 \u00a0Pr\u00fcfung von Brandschutzt\u00fcren und -toren sowie Rauchschutzabschl\u00fcssen<\/strong><\/p>\n","protected":false},"excerpt":{"rendered":"<p>Die Aufgabe von T\u00fcren und Toren mit Feuer- und\/oder Rauchschutzeigenschaften besteht darin,\u00a0 angemessenen Schutz f\u00fcr \u00d6ffnungen in feuerwiderstandsf\u00e4higen W\u00e4nden oder Trennw\u00e4nden zu bieten, die als Durchgang f\u00fcr Personen und G\u00fctern oder als Durchfahrt f\u00fcr Fahrzeuge dienen. Diese k\u00f6nnen ihre vorgesehene Feuer &#8211; und\/oder Rauchschutzfunktion nur in geschlossener Stellung erreichen. Um &#8230;<\/p>\n","protected":false},"author":1,"featured_media":0,"parent":0,"menu_order":4,"comment_status":"open","ping_status":"open","template":"","meta":[],"_links":{"self":[{"href":"http:\/\/mertz-metallbau.de\/wordpress\/index.php?rest_route=\/wp\/v2\/pages\/36"}],"collection":[{"href":"http:\/\/mertz-metallbau.de\/wordpress\/index.php?rest_route=\/wp\/v2\/pages"}],"about":[{"href":"http:\/\/mertz-metallbau.de\/wordpress\/index.php?rest_route=\/wp\/v2\/types\/page"}],"author":[{"embeddable":true,"href":"http:\/\/mertz-metallbau.de\/wordpress\/index.php?rest_route=\/wp\/v2\/users\/1"}],"replies":[{"embeddable":true,"href":"http:\/\/mertz-metallbau.de\/wordpress\/index.php?rest_route=%2Fwp%2Fv2%2Fcomments&post=36"}],"version-history":[{"count":9,"href":"http:\/\/mertz-metallbau.de\/wordpress\/index.php?rest_route=\/wp\/v2\/pages\/36\/revisions"}],"predecessor-version":[{"id":712,"href":"http:\/\/mertz-metallbau.de\/wordpress\/index.php?rest_route=\/wp\/v2\/pages\/36\/revisions\/712"}],"wp:attachment":[{"href":"http:\/\/mertz-metallbau.de\/wordpress\/index.php?rest_route=%2Fwp%2Fv2%2Fmedia&parent=36"}],"curies":[{"name":"wp","href":"https:\/\/api.w.org\/{rel}","templated":true}]}}