{"id":44,"date":"2015-02-03T11:26:55","date_gmt":"2015-02-03T11:26:55","guid":{"rendered":"http:\/\/mertz-metallbau.de\/wordpress\/?page_id=44"},"modified":"2019-05-01T11:52:16","modified_gmt":"2019-05-01T09:52:16","slug":"kurselehrgaenge","status":"publish","type":"page","link":"http:\/\/mertz-metallbau.de\/wordpress\/?page_id=44","title":{"rendered":"Kurse\/Lehrg\u00e4nge"},"content":{"rendered":"<div style=\"text-align: center;\" align=\"left\">\n<div id='gallery-1' class='gallery galleryid-44 gallery-columns-3 gallery-size-thumbnail'><figure class='gallery-item'>\n\t\t\t<div class='gallery-icon landscape'>\n\t\t\t\t<a rel='attachment' href='http:\/\/mertz-metallbau.de\/wordpress\/?attachment_id=533'><img width=\"150\" height=\"100\" src=\"http:\/\/mertz-metallbau.de\/wordpress\/wp-content\/uploads\/DSC_0254-150x100.jpg\" class=\"attachment-thumbnail size-thumbnail\" alt=\"\" loading=\"lazy\" srcset=\"http:\/\/mertz-metallbau.de\/wordpress\/wp-content\/uploads\/DSC_0254-150x100.jpg 150w, http:\/\/mertz-metallbau.de\/wordpress\/wp-content\/uploads\/DSC_0254-768x514.jpg 768w, http:\/\/mertz-metallbau.de\/wordpress\/wp-content\/uploads\/DSC_0254-700x469.jpg 700w, http:\/\/mertz-metallbau.de\/wordpress\/wp-content\/uploads\/DSC_0254-332x222.jpg 332w, http:\/\/mertz-metallbau.de\/wordpress\/wp-content\/uploads\/DSC_0254.jpg 1936w\" sizes=\"(max-width: 150px) 100vw, 150px\" \/><\/a>\n\t\t\t<\/div><\/figure><figure class='gallery-item'>\n\t\t\t<div class='gallery-icon landscape'>\n\t\t\t\t<a rel='attachment' href='http:\/\/mertz-metallbau.de\/wordpress\/?attachment_id=532'><img width=\"150\" height=\"100\" src=\"http:\/\/mertz-metallbau.de\/wordpress\/wp-content\/uploads\/DSC_0253-150x100.jpg\" class=\"attachment-thumbnail size-thumbnail\" alt=\"\" loading=\"lazy\" srcset=\"http:\/\/mertz-metallbau.de\/wordpress\/wp-content\/uploads\/DSC_0253-150x100.jpg 150w, http:\/\/mertz-metallbau.de\/wordpress\/wp-content\/uploads\/DSC_0253-768x514.jpg 768w, http:\/\/mertz-metallbau.de\/wordpress\/wp-content\/uploads\/DSC_0253-700x469.jpg 700w, http:\/\/mertz-metallbau.de\/wordpress\/wp-content\/uploads\/DSC_0253-332x222.jpg 332w, http:\/\/mertz-metallbau.de\/wordpress\/wp-content\/uploads\/DSC_0253.jpg 1936w\" sizes=\"(max-width: 150px) 100vw, 150px\" \/><\/a>\n\t\t\t<\/div><\/figure><figure class='gallery-item'>\n\t\t\t<div class='gallery-icon landscape'>\n\t\t\t\t<a rel='attachment' href='http:\/\/mertz-metallbau.de\/wordpress\/?attachment_id=531'><img width=\"150\" height=\"100\" src=\"http:\/\/mertz-metallbau.de\/wordpress\/wp-content\/uploads\/DSC_0245-150x100.jpg\" class=\"attachment-thumbnail size-thumbnail\" alt=\"\" loading=\"lazy\" srcset=\"http:\/\/mertz-metallbau.de\/wordpress\/wp-content\/uploads\/DSC_0245-150x100.jpg 150w, http:\/\/mertz-metallbau.de\/wordpress\/wp-content\/uploads\/DSC_0245-768x514.jpg 768w, http:\/\/mertz-metallbau.de\/wordpress\/wp-content\/uploads\/DSC_0245-700x469.jpg 700w, http:\/\/mertz-metallbau.de\/wordpress\/wp-content\/uploads\/DSC_0245-332x222.jpg 332w, http:\/\/mertz-metallbau.de\/wordpress\/wp-content\/uploads\/DSC_0245.jpg 1936w\" sizes=\"(max-width: 150px) 100vw, 150px\" \/><\/a>\n\t\t\t<\/div><\/figure><figure class='gallery-item'>\n\t\t\t<div class='gallery-icon portrait'>\n\t\t\t\t<a rel='attachment' href='http:\/\/mertz-metallbau.de\/wordpress\/?attachment_id=528'><img width=\"100\" height=\"150\" src=\"http:\/\/mertz-metallbau.de\/wordpress\/wp-content\/uploads\/DSC_0369-100x150.jpg\" class=\"attachment-thumbnail size-thumbnail\" alt=\"\" loading=\"lazy\" srcset=\"http:\/\/mertz-metallbau.de\/wordpress\/wp-content\/uploads\/DSC_0369-100x150.jpg 100w, http:\/\/mertz-metallbau.de\/wordpress\/wp-content\/uploads\/DSC_0369-768x1147.jpg 768w, http:\/\/mertz-metallbau.de\/wordpress\/wp-content\/uploads\/DSC_0369-700x1046.jpg 700w, http:\/\/mertz-metallbau.de\/wordpress\/wp-content\/uploads\/DSC_0369-332x496.jpg 332w, http:\/\/mertz-metallbau.de\/wordpress\/wp-content\/uploads\/DSC_0369.jpg 1296w\" sizes=\"(max-width: 100px) 100vw, 100px\" \/><\/a>\n\t\t\t<\/div><\/figure><figure class='gallery-item'>\n\t\t\t<div class='gallery-icon landscape'>\n\t\t\t\t<a rel='attachment' href='http:\/\/mertz-metallbau.de\/wordpress\/?attachment_id=529'><img width=\"150\" height=\"100\" src=\"http:\/\/mertz-metallbau.de\/wordpress\/wp-content\/uploads\/DSC_0125-150x100.jpg\" class=\"attachment-thumbnail size-thumbnail\" alt=\"\" loading=\"lazy\" srcset=\"http:\/\/mertz-metallbau.de\/wordpress\/wp-content\/uploads\/DSC_0125-150x100.jpg 150w, http:\/\/mertz-metallbau.de\/wordpress\/wp-content\/uploads\/DSC_0125-768x514.jpg 768w, http:\/\/mertz-metallbau.de\/wordpress\/wp-content\/uploads\/DSC_0125-700x469.jpg 700w, http:\/\/mertz-metallbau.de\/wordpress\/wp-content\/uploads\/DSC_0125-332x222.jpg 332w, http:\/\/mertz-metallbau.de\/wordpress\/wp-content\/uploads\/DSC_0125.jpg 1936w\" sizes=\"(max-width: 150px) 100vw, 150px\" \/><\/a>\n\t\t\t<\/div><\/figure><figure class='gallery-item'>\n\t\t\t<div class='gallery-icon landscape'>\n\t\t\t\t<a rel='attachment' href='http:\/\/mertz-metallbau.de\/wordpress\/?attachment_id=530'><img width=\"150\" height=\"100\" src=\"http:\/\/mertz-metallbau.de\/wordpress\/wp-content\/uploads\/DSC_0371-e1528968142986-150x100.jpg\" class=\"attachment-thumbnail size-thumbnail\" alt=\"\" loading=\"lazy\" srcset=\"http:\/\/mertz-metallbau.de\/wordpress\/wp-content\/uploads\/DSC_0371-e1528968142986-150x100.jpg 150w, http:\/\/mertz-metallbau.de\/wordpress\/wp-content\/uploads\/DSC_0371-e1528968142986-768x514.jpg 768w, http:\/\/mertz-metallbau.de\/wordpress\/wp-content\/uploads\/DSC_0371-e1528968142986-700x469.jpg 700w, http:\/\/mertz-metallbau.de\/wordpress\/wp-content\/uploads\/DSC_0371-e1528968142986-332x222.jpg 332w, http:\/\/mertz-metallbau.de\/wordpress\/wp-content\/uploads\/DSC_0371-e1528968142986.jpg 1936w\" sizes=\"(max-width: 150px) 100vw, 150px\" \/><\/a>\n\t\t\t<\/div><\/figure>\n\t\t<\/div>\n\n<\/div>\n<div align=\"left\"><\/div>\n<div align=\"left\"><span style=\"font-size: medium;\">Wir bieten Ihnen Lehrg\u00e4nge\/Kurse in verschiedenen Varianten an:<\/span><\/div>\n<div align=\"left\"><\/div>\n<p align=\"left\"><span style=\"font-size: medium;\"><em>&#8211; Schnupperkurs<\/em><\/span><\/p>\n<p align=\"left\"><span style=\"font-size: medium;\"><em>&#8211; f\u00fcr Fortgeschrittene<\/em><\/span><\/p>\n<p align=\"left\"><span style=\"font-size: medium;\"><em>&#8211; Themengebundene Lehrg\u00e4nge (z.B. Gartenversch\u00f6nerung)<\/em><\/span><\/p>\n<p align=\"left\"><span style=\"font-size: medium;\"><em>&#8211; freie Lehrg\u00e4nge<\/em><\/span><\/p>\n<p align=\"left\"><span style=\"font-size: large;\">Machen sie daraus ein kreatives Geschenk in Form eines <span style=\"color: #ff0000;\">Gutscheins<\/span>!<\/span><\/p>\n<p align=\"left\"><span style=\"font-size: medium;\">Geburtstagsschmieden:<\/span><\/p>\n<p align=\"left\"><span style=\"font-size: medium;\">&#8211; Verschenken sie einen Gutschein f\u00fcr ein 3-st\u00fcndiges Schmiedeerlebnis mit dem Metallbau Meister.<\/span><\/p>\n<p align=\"left\"><span style=\"font-size: medium;\">&#8211; Das Schmieden beinhaltet die Einf\u00fchrung in die Schmiedekunst und das Schmieden eines Gegenstandes je nach Fertigkeit. So haben sie eine sch\u00f6ne Erinnerung zum Anfassen.<\/span><\/p>\n<p align=\"left\"><span style=\"font-size: medium;\">Kosten: 150,00 \u20ac (MwSt + Material inkl.)<\/span><\/p>\n<p align=\"left\"><span style=\"font-size: large;\">Oder m\u00f6chten sie vielleicht mit ihren Mitarbeitern einen <span style=\"color: #ff0000;\">Betriebsausflug<\/span> der anderen Art erleben?<\/span><\/p>\n<p align=\"left\"><span style=\"font-size: medium;\">&#8211; Wir bieten Ihnen Schmiedekurse mit bis zu max. 15 Personen<\/span><\/p>\n<p align=\"left\"><span style=\"font-size: medium;\">Kosten: Je nach Personenanzahl, Dauer und Ablauf<\/span><\/p>\n<p align=\"left\">Telefon. 039406-92710\u00a0 \u00a0 \u00a0 \u00a0 \u00a0 \u00a0 \u00a0mobil: 0177 &#8211; 4780929<\/p>\n<p align=\"left\">email: herbert-mertz@gmx.de<\/p>\n<p align=\"left\"><strong>WO finden sie uns?<\/strong><\/p>\n<p align=\"left\">An der Autobahnstrecke A2, ca. 7 km entfernt von Helmstedt.<\/p>\n<p align=\"left\"><a href=\"http:\/\/mertz-metallbau.de\/wordpress\/wp-content\/uploads\/ausschnitt-harbke.jpg\"><img loading=\"lazy\" class=\"aligncenter size-full wp-image-501\" src=\"http:\/\/mertz-metallbau.de\/wordpress\/wp-content\/uploads\/ausschnitt-harbke.jpg\" alt=\"ausschnitt harbke\" width=\"590\" height=\"380\" srcset=\"http:\/\/mertz-metallbau.de\/wordpress\/wp-content\/uploads\/ausschnitt-harbke.jpg 590w, http:\/\/mertz-metallbau.de\/wordpress\/wp-content\/uploads\/ausschnitt-harbke-150x97.jpg 150w, http:\/\/mertz-metallbau.de\/wordpress\/wp-content\/uploads\/ausschnitt-harbke-332x214.jpg 332w\" sizes=\"(max-width: 590px) 100vw, 590px\" \/><\/a><\/p>\n<p align=\"left\">\n","protected":false},"excerpt":{"rendered":"<p>Wir bieten Ihnen Lehrg\u00e4nge\/Kurse in verschiedenen Varianten an: &#8211; Schnupperkurs &#8211; f\u00fcr Fortgeschrittene &#8211; Themengebundene Lehrg\u00e4nge (z.B. Gartenversch\u00f6nerung) &#8211; freie Lehrg\u00e4nge Machen sie daraus ein kreatives Geschenk in Form eines Gutscheins! Geburtstagsschmieden: &#8211; Verschenken sie einen Gutschein f\u00fcr ein 3-st\u00fcndiges Schmiedeerlebnis mit dem Metallbau Meister. &#8211; Das Schmieden beinhaltet die &#8230;<\/p>\n","protected":false},"author":1,"featured_media":0,"parent":42,"menu_order":0,"comment_status":"open","ping_status":"open","template":"","meta":[],"_links":{"self":[{"href":"http:\/\/mertz-metallbau.de\/wordpress\/index.php?rest_route=\/wp\/v2\/pages\/44"}],"collection":[{"href":"http:\/\/mertz-metallbau.de\/wordpress\/index.php?rest_route=\/wp\/v2\/pages"}],"about":[{"href":"http:\/\/mertz-metallbau.de\/wordpress\/index.php?rest_route=\/wp\/v2\/types\/page"}],"author":[{"embeddable":true,"href":"http:\/\/mertz-metallbau.de\/wordpress\/index.php?rest_route=\/wp\/v2\/users\/1"}],"replies":[{"embeddable":true,"href":"http:\/\/mertz-metallbau.de\/wordpress\/index.php?rest_route=%2Fwp%2Fv2%2Fcomments&post=44"}],"version-history":[{"count":6,"href":"http:\/\/mertz-metallbau.de\/wordpress\/index.php?rest_route=\/wp\/v2\/pages\/44\/revisions"}],"predecessor-version":[{"id":754,"href":"http:\/\/mertz-metallbau.de\/wordpress\/index.php?rest_route=\/wp\/v2\/pages\/44\/revisions\/754"}],"up":[{"embeddable":true,"href":"http:\/\/mertz-metallbau.de\/wordpress\/index.php?rest_route=\/wp\/v2\/pages\/42"}],"wp:attachment":[{"href":"http:\/\/mertz-metallbau.de\/wordpress\/index.php?rest_route=%2Fwp%2Fv2%2Fmedia&parent=44"}],"curies":[{"name":"wp","href":"https:\/\/api.w.org\/{rel}","templated":true}]}}