{"id":477,"date":"2015-10-28T12:20:23","date_gmt":"2015-10-28T12:20:23","guid":{"rendered":"http:\/\/mertz-metallbau.de\/wordpress\/?page_id=477"},"modified":"2026-02-02T14:37:00","modified_gmt":"2026-02-02T13:37:00","slug":"fenstergitter","status":"publish","type":"page","link":"http:\/\/mertz-metallbau.de\/wordpress\/?page_id=477","title":{"rendered":"Fenstergitter"},"content":{"rendered":"<p>\u00a0<\/p>\n<p>\u00a0<\/p>\n<p style=\"text-align: center;\"><span style=\"text-decoration: underline;\"><strong>Sicherheit durch unsere Fenstergitter<\/strong><\/span><\/p>\n<p style=\"text-align: center;\">Und diese Sicherheitsma\u00dfnahme muss nicht unbedingt den &#8222;Gef\u00e4ngnis&#8220;-Look haben!<\/p>\n<p style=\"text-align: center;\">Hier haben wir f\u00fcr Sie einige Anregungen und Ideen zusammengestellt, welche bereits aus Kundenw\u00fcnschen im Laufe der Jahre zusammen gekommen sind:<\/p>\n<p style=\"text-align: center;\"><a href=\"http:\/\/mertz-metallbau.de\/wordpress\/wp-content\/uploads\/fenstergitter003.jpg\"><img loading=\"lazy\" class=\"aligncenter  wp-image-167\" src=\"http:\/\/mertz-metallbau.de\/wordpress\/wp-content\/uploads\/fenstergitter003.jpg\" alt=\"fenstergitter003\" width=\"286\" height=\"194\" \/><\/a> <a href=\"http:\/\/mertz-metallbau.de\/wordpress\/wp-content\/uploads\/fenstergitter008.jpg\"><img loading=\"lazy\" class=\"aligncenter  wp-image-172\" src=\"http:\/\/mertz-metallbau.de\/wordpress\/wp-content\/uploads\/fenstergitter008.jpg\" alt=\"fenstergitter008\" width=\"239\" height=\"353\" \/><\/a> <a href=\"http:\/\/mertz-metallbau.de\/wordpress\/wp-content\/uploads\/DSCI0924.jpg\"><img loading=\"lazy\" class=\"aligncenter  wp-image-478\" src=\"http:\/\/mertz-metallbau.de\/wordpress\/wp-content\/uploads\/DSCI0924.jpg\" alt=\"DSCI0924\" width=\"354\" height=\"202\" \/><\/a><a href=\"http:\/\/mertz-metallbau.de\/wordpress\/wp-content\/uploads\/fenstergitter001.jpg\"><img loading=\"lazy\" class=\"aligncenter  wp-image-165\" src=\"http:\/\/mertz-metallbau.de\/wordpress\/wp-content\/uploads\/fenstergitter001.jpg\" alt=\"fenstergitter001\" width=\"230\" height=\"304\" \/><img loading=\"lazy\" class=\"aligncenter  wp-image-479\" src=\"http:\/\/mertz-metallbau.de\/wordpress\/wp-content\/uploads\/DSCI0928.jpg\" alt=\"DSCI0928\" width=\"389\" height=\"222\" \/><img loading=\"lazy\" class=\"aligncenter  wp-image-168\" src=\"http:\/\/mertz-metallbau.de\/wordpress\/wp-content\/uploads\/fenstergitter004.jpg\" alt=\"fenstergitter004\" width=\"347\" height=\"234\" \/><\/a><\/p>\n<p style=\"text-align: center;\"><a href=\"http:\/\/mertz-metallbau.de\/wordpress\/wp-content\/uploads\/DSC_0145.jpg\"><img loading=\"lazy\" class=\"aligncenter  wp-image-485\" src=\"http:\/\/mertz-metallbau.de\/wordpress\/wp-content\/uploads\/DSC_0145.jpg\" alt=\"\" width=\"343\" height=\"233\" \/><\/a><\/p>\n<p style=\"text-align: center;\"><a href=\"http:\/\/mertz-metallbau.de\/wordpress\/wp-content\/uploads\/Unbenannt-2.jpg\"><img loading=\"lazy\" class=\"aligncenter  wp-image-488\" src=\"http:\/\/mertz-metallbau.de\/wordpress\/wp-content\/uploads\/Unbenannt-2.jpg\" alt=\"\" width=\"341\" height=\"240\" \/><\/a><\/p>\n<p style=\"text-align: center;\">Auch Sie k\u00f6nnen nat\u00fcrlich ganz individuell der DIN-Normen entsprechend sich ein Fenstergitter von uns gestalten und erbauen lassen. Setzen Sie sich einfach Heute noch mit uns in Verbindung. Telefonisch sind wir erreichbar unter 039406\/92710 oder 0177-4780929<\/p>\n\n\n<p><\/p>\n","protected":false},"excerpt":{"rendered":"<p>\u00a0 \u00a0 Sicherheit durch unsere Fenstergitter Und diese Sicherheitsma\u00dfnahme muss nicht unbedingt den &#8222;Gef\u00e4ngnis&#8220;-Look haben! Hier haben wir f\u00fcr Sie einige Anregungen und Ideen zusammengestellt, welche bereits aus Kundenw\u00fcnschen im Laufe der Jahre zusammen gekommen sind: Auch Sie k\u00f6nnen nat\u00fcrlich ganz individuell der DIN-Normen entsprechend sich ein Fenstergitter von uns &#8230;<\/p>\n","protected":false},"author":1,"featured_media":0,"parent":0,"menu_order":9,"comment_status":"closed","ping_status":"closed","template":"","meta":[],"_links":{"self":[{"href":"http:\/\/mertz-metallbau.de\/wordpress\/index.php?rest_route=\/wp\/v2\/pages\/477"}],"collection":[{"href":"http:\/\/mertz-metallbau.de\/wordpress\/index.php?rest_route=\/wp\/v2\/pages"}],"about":[{"href":"http:\/\/mertz-metallbau.de\/wordpress\/index.php?rest_route=\/wp\/v2\/types\/page"}],"author":[{"embeddable":true,"href":"http:\/\/mertz-metallbau.de\/wordpress\/index.php?rest_route=\/wp\/v2\/users\/1"}],"replies":[{"embeddable":true,"href":"http:\/\/mertz-metallbau.de\/wordpress\/index.php?rest_route=%2Fwp%2Fv2%2Fcomments&post=477"}],"version-history":[{"count":6,"href":"http:\/\/mertz-metallbau.de\/wordpress\/index.php?rest_route=\/wp\/v2\/pages\/477\/revisions"}],"predecessor-version":[{"id":1069,"href":"http:\/\/mertz-metallbau.de\/wordpress\/index.php?rest_route=\/wp\/v2\/pages\/477\/revisions\/1069"}],"wp:attachment":[{"href":"http:\/\/mertz-metallbau.de\/wordpress\/index.php?rest_route=%2Fwp%2Fv2%2Fmedia&parent=477"}],"curies":[{"name":"wp","href":"https:\/\/api.w.org\/{rel}","templated":true}]}}