{"id":765,"date":"2019-06-22T16:04:16","date_gmt":"2019-06-22T14:04:16","guid":{"rendered":"http:\/\/mertz-metallbau.de\/wordpress\/?page_id=765"},"modified":"2019-06-22T19:56:58","modified_gmt":"2019-06-22T17:56:58","slug":"spielplaetze-und-spielgeraete","status":"publish","type":"page","link":"http:\/\/mertz-metallbau.de\/wordpress\/?page_id=765","title":{"rendered":"Spielpl\u00e4tze und Spielger\u00e4te"},"content":{"rendered":"\n<p>Wir m\u00f6chten Ihnen Kurz unseren Betrieb f\u00fcr den Bereich Wartung und Sicherheit vorstellen.<\/p>\n\n\n\n<p>Herbert Mertz \u00fcberpr\u00fcft seit dem 2.6.2005 als Sachkundiger f\u00fcr Kinderspielpl\u00e4tze und Spielger\u00e4te nach der neuen Europ\u00e4ischen Norm<\/p>\n\n\n\n<p style=\"text-align:center\">Aktuelle Fassung<\/p>\n\n\n\n<p style=\"text-align:center\">DIN EN 1176 Teil 1 &#8211; 7 und 11 \/ 2018<\/p>\n\n\n\n<ul><li>Wir bieten Ihnen unsere Dienste f\u00fcr die folgende \u00dcberpr\u00fcfungen an:<\/li><\/ul>\n\n\n\n<ul><li>W\u00f6chentliche \u00dcberpr\u00fcfung           =   Visuelle Routineinspektion<\/li><\/ul>\n\n\n\n<ul><li>Viertelj\u00e4hrl. Verschlei\u00df &#8211; und Stabilit\u00e4tskontrolle =  Operative                      Inspektion<\/li><\/ul>\n\n\n\n<ul><li>j\u00e4hrliche Hauptuntersuchung             =  Hauptinspektion<\/li><\/ul>\n\n\n\n<p>Desweiteren hat Herr Mertz an einer Weiterbildung teilgenommen, die ben\u00f6tigt wird f\u00fcr die &#8220; Qualifizierung zum Spielplatzpr\u00fcfer&#8220; nach<\/p>\n\n\n\n<p style=\"text-align:center\">DIN SPEC 79161\/2011<\/p>\n","protected":false},"excerpt":{"rendered":"<p>Wir m\u00f6chten Ihnen Kurz unseren Betrieb f\u00fcr den Bereich Wartung und Sicherheit vorstellen. Herbert Mertz \u00fcberpr\u00fcft seit dem 2.6.2005 als Sachkundiger f\u00fcr Kinderspielpl\u00e4tze und Spielger\u00e4te nach der neuen Europ\u00e4ischen Norm Aktuelle Fassung DIN EN 1176 Teil 1 &#8211; 7 und 11 \/ 2018 Wir bieten Ihnen unsere Dienste f\u00fcr die &#8230;<\/p>\n","protected":false},"author":1,"featured_media":0,"parent":0,"menu_order":0,"comment_status":"closed","ping_status":"closed","template":"","meta":[],"_links":{"self":[{"href":"http:\/\/mertz-metallbau.de\/wordpress\/index.php?rest_route=\/wp\/v2\/pages\/765"}],"collection":[{"href":"http:\/\/mertz-metallbau.de\/wordpress\/index.php?rest_route=\/wp\/v2\/pages"}],"about":[{"href":"http:\/\/mertz-metallbau.de\/wordpress\/index.php?rest_route=\/wp\/v2\/types\/page"}],"author":[{"embeddable":true,"href":"http:\/\/mertz-metallbau.de\/wordpress\/index.php?rest_route=\/wp\/v2\/users\/1"}],"replies":[{"embeddable":true,"href":"http:\/\/mertz-metallbau.de\/wordpress\/index.php?rest_route=%2Fwp%2Fv2%2Fcomments&post=765"}],"version-history":[{"count":5,"href":"http:\/\/mertz-metallbau.de\/wordpress\/index.php?rest_route=\/wp\/v2\/pages\/765\/revisions"}],"predecessor-version":[{"id":773,"href":"http:\/\/mertz-metallbau.de\/wordpress\/index.php?rest_route=\/wp\/v2\/pages\/765\/revisions\/773"}],"wp:attachment":[{"href":"http:\/\/mertz-metallbau.de\/wordpress\/index.php?rest_route=%2Fwp%2Fv2%2Fmedia&parent=765"}],"curies":[{"name":"wp","href":"https:\/\/api.w.org\/{rel}","templated":true}]}}